{"id":6,"date":"2014-11-20T21:57:58","date_gmt":"2014-11-20T19:57:58","guid":{"rendered":"http:\/\/fuh-sport.com\/wordpress\/?page_id=6"},"modified":"2016-08-17T15:53:59","modified_gmt":"2016-08-17T13:53:59","slug":"sponsoringvermarktung","status":"publish","type":"page","link":"https:\/\/www.fuh-sport.com\/?page_id=6","title":{"rendered":"LEISTUNGEN"},"content":{"rendered":"<div id=\"pl-6\"  class=\"panel-layout\" ><div id=\"pg-6-0\"  class=\"panel-grid panel-no-style\" ><div id=\"pgc-6-0-0\"  class=\"panel-grid-cell\" ><div id=\"panel-6-0-0-0\" class=\"so-panel widget widget_text panel-first-child\" data-index=\"0\" >\t\t\t<div class=\"textwidget\"><\/div>\n\t\t<\/div><div id=\"panel-6-0-0-1\" class=\"so-panel widget widget_text\" data-index=\"1\" ><h3 class=\"widget-title\">Sportvermarktung<\/h3>\t\t\t<div class=\"textwidget\"><p>Akquise \u2013 Beratung \u2013 Vertragsgestaltung - Umsetzung \u2013 Betreuung<\/p>\n<\/div>\n\t\t<\/div><div id=\"panel-6-0-0-2\" class=\"so-panel widget widget_sow-editor\" data-index=\"2\" ><div\n\t\t\t\n\t\t\tclass=\"so-widget-sow-editor so-widget-sow-editor-base\"\n\t\t\t\n\t\t>\n<div class=\"siteorigin-widget-tinymce textwidget\">\n\t<p><img decoding=\"async\" src=\"http:\/\/fuh-sport.com\/wordpress\/wp-content\/uploads\/2015\/12\/Sportsponsoring_jpgs.jpg\" \/><\/p>\n<\/div>\n<\/div><\/div><div id=\"panel-6-0-0-3\" class=\"so-panel widget widget_text\" data-index=\"3\" >\t\t\t<div class=\"textwidget\"><p>Wir kreieren individuelle, auf Bed\u00fcrfnisse ma\u00dfgeschneiderte Werbepakete mit vertriebsunterst\u00fctzenden Ma\u00dfnahmen. Dabei liegt unser Fokus immer auf der Schaffung von Win-win Situationen zwischen Sponsor und Verein\/Veranstaltung.<br \/>\nDurch gelebte Partnerschaft entstehen Zufriedenheit und Vertrauen. Nicht zuletzt daraus entstehen langfristige und innovative Partnerschaften.<\/p>\n<p>Dar\u00fcber hinaus \u00fcben Sportvereine mit ihren integrativen und sozialen Wirkungen eine wichtige gesellschaftspolitische Funktion aus. Ein Sponsor wird mit seinem Engagement seiner Verantwortung in diesen Bereichen gerecht.<\/p>\n<\/div>\n\t\t<\/div><div id=\"panel-6-0-0-4\" class=\"so-panel widget widget_text\" data-index=\"4\" ><h3 class=\"widget-title\">Unabh\u00e4ngige Sponsoringberatung<\/h3>\t\t\t<div class=\"textwidget\"><p>\u2192 Sie wollen f\u00fcr Ihr Unternehmen Sportsponsoring nutzen?<br \/>\n\u2192 Setzen Sie Ihr Sponsoring-Budget optimal ein?<br \/>\n\u2192 Wird Ihr Sponsoring ad\u00e4quat aktiviert?<\/p>\n<p>Durch unsere langj\u00e4hrige Erfahrung in der Vermarktung von Sportvereinen und -events sind wir Experten f\u00fcr effizientes und nachhaltiges Sportsponsoring. Mit Know-how und Kreativit\u00e4t entwickeln wir eine an den Unternehmenszielen orientierte und optimale Sponsoringstrategie - unter Einbindung s\u00e4mtlicher im Unternehmen verwendeter Kommunikationskan\u00e4le.<\/p>\n<\/div>\n\t\t<\/div><div id=\"panel-6-0-0-5\" class=\"so-panel widget widget_text\" data-index=\"5\" ><h3 class=\"widget-title\">FUH Sport \u2013 Ihr Sponsoring in guten H\u00e4nden<\/h3>\t\t\t<div class=\"textwidget\"><p>Wir identifizieren mit Ihnen geeignete Projekte\/ Sponsoringm\u00f6glichkeiten (regional\/ national\/ international).<br \/>\nWir holen alle relevanten Angebote ein, fassen die Schl\u00fcsselinformationen \u00fcbersichtlich zusammen und geben nach einer Bewertung eine Empfehlung.<br \/>\nWir f\u00fcllen die Werbema\u00dfnahmen mit vertriebsunterst\u00fctzenden Komponenten und aktivieren Ihr Sponsoring.<br \/>\nWir verhandeln f\u00fcr Sie Preise\/ Leistungen und begleiten Sie  bis zum unterschriftsreifen Vertrag.<br \/>\nWir erarbeiten mit Ihnen eine  zielgruppenorientierte, strategische Ausrichtung Ihres Sponsorings.<br \/>\nZus\u00e4tzlich zu dem sportlichen Engagement pointieren wir soziale Wirkungen des Engagements.<br \/>\nBewertung\/ Reporting\/ Controlling<\/p>\n<\/div>\n\t\t<\/div><div id=\"panel-6-0-0-6\" class=\"so-panel widget widget_text panel-last-child\" data-index=\"6\" ><h3 class=\"widget-title\">Incentive Events<\/h3>\t\t\t<div class=\"textwidget\"><p>Motivieren. Begeistern. Entz\u00fcnden.<\/p>\n<p>Incentive steht f\u00fcr \"Anreiz\", \"Ansporn\", \"Antrieb\" und \"Leistungsanreiz\".<br \/>\nEinzigartige und unverwechselbare Erlebnisse f\u00fcr Mitarbeiter, Kunden und Gesch\u00e4ftspartner um Gesch\u00e4ftsbeziehungen zu festigen und Motivation zu f\u00f6rdern. Sprechen Sie uns an!<\/p>\n<\/div>\n\t\t<\/div><\/div><\/div><div id=\"pg-6-1\"  class=\"panel-grid panel-no-style\" ><div id=\"pgc-6-1-0\"  class=\"panel-grid-cell\" ><div id=\"panel-6-1-0-0\" class=\"so-panel widget widget_sow-editor panel-first-child panel-last-child\" data-index=\"7\" ><div\n\t\t\t\n\t\t\tclass=\"so-widget-sow-editor so-widget-sow-editor-base\"\n\t\t\t\n\t\t>\n<div class=\"siteorigin-widget-tinymce textwidget\">\n\t<p><img decoding=\"async\" src=\"http:\/\/fuh-sport.com\/wordpress\/wp-content\/uploads\/2015\/12\/vfbPokal.jpg\" \/><\/p>\n<\/div>\n<\/div><\/div><\/div><\/div><div id=\"pg-6-2\"  class=\"panel-grid panel-no-style\" ><div id=\"pgc-6-2-0\"  class=\"panel-grid-cell panel-grid-cell-empty panel-grid-cell-mobile-last\" ><\/div><div id=\"pgc-6-2-1\"  class=\"panel-grid-cell panel-grid-cell-empty\" ><\/div><\/div><\/div>","protected":false},"excerpt":{"rendered":"<p>Akquise \u2013 Beratung \u2013 Vertragsgestaltung &#8211; Umsetzung \u2013 Betreuung Wir kreieren individuelle, auf Bed\u00fcrfnisse ma\u00dfgeschneiderte Werbepakete mit vertriebsunterst\u00fctzenden Ma\u00dfnahmen. Dabei liegt unser Fokus immer auf der Schaffung von Win-win Situationen zwischen Sponsor und Verein\/Veranstaltung. Durch gelebte Partnerschaft entstehen Zufriedenheit und Vertrauen. Nicht zuletzt daraus entstehen langfristige und innovative Partnerschaften. Dar\u00fcber hinaus \u00fcben Sportvereine mit ihren [&hellip;]<\/p>\n","protected":false},"author":2,"featured_media":0,"parent":0,"menu_order":0,"comment_status":"closed","ping_status":"closed","template":"","meta":{"ngg_post_thumbnail":0},"_links":{"self":[{"href":"https:\/\/www.fuh-sport.com\/index.php?rest_route=\/wp\/v2\/pages\/6"}],"collection":[{"href":"https:\/\/www.fuh-sport.com\/index.php?rest_route=\/wp\/v2\/pages"}],"about":[{"href":"https:\/\/www.fuh-sport.com\/index.php?rest_route=\/wp\/v2\/types\/page"}],"author":[{"embeddable":true,"href":"https:\/\/www.fuh-sport.com\/index.php?rest_route=\/wp\/v2\/users\/2"}],"replies":[{"embeddable":true,"href":"https:\/\/www.fuh-sport.com\/index.php?rest_route=%2Fwp%2Fv2%2Fcomments&post=6"}],"version-history":[{"count":35,"href":"https:\/\/www.fuh-sport.com\/index.php?rest_route=\/wp\/v2\/pages\/6\/revisions"}],"predecessor-version":[{"id":447,"href":"https:\/\/www.fuh-sport.com\/index.php?rest_route=\/wp\/v2\/pages\/6\/revisions\/447"}],"wp:attachment":[{"href":"https:\/\/www.fuh-sport.com\/index.php?rest_route=%2Fwp%2Fv2%2Fmedia&parent=6"}],"curies":[{"name":"wp","href":"https:\/\/api.w.org\/{rel}","templated":true}]}}